{"id":170,"date":"2024-03-16T12:12:34","date_gmt":"2024-03-16T11:12:34","guid":{"rendered":"https:\/\/ulassaifestival.com\/?page_id=170"},"modified":"2025-04-03T06:40:45","modified_gmt":"2025-04-03T04:40:45","slug":"sport","status":"publish","type":"page","link":"http:\/\/ulassaifestival.com\/en\/sport\/","title":{"rendered":"Sport"},"content":{"rendered":"<p>[et_pb_section fb_built=&#8221;1&#8243; _builder_version=&#8221;4.24.3&#8243; _module_preset=&#8221;default&#8221; use_background_color_gradient=&#8221;on&#8221; background_color_gradient_stops=&#8221;rgba(59,58,58,0.2) 0%|rgba(59,58,58,0.5) 100%&#8221; background_color_gradient_overlays_image=&#8221;on&#8221; background_image=&#8221;https:\/\/ulassaifestival.com\/wp-content\/uploads\/2024\/03\/sport_arrampicata_1.jpg&#8221; background_position=&#8221;bottom_center&#8221; background_vertical_offset=&#8221;30%&#8221; min_height=&#8221;50vh&#8221; custom_css_main_element=&#8221;display:flex;&#8221; global_colors_info=&#8221;{}&#8221;][et_pb_row _builder_version=&#8221;4.24.2&#8243; _module_preset=&#8221;default&#8221; global_colors_info=&#8221;{}&#8221;][et_pb_column type=&#8221;4_4&#8243; _builder_version=&#8221;4.24.2&#8243; _module_preset=&#8221;default&#8221; global_colors_info=&#8221;{}&#8221;][et_pb_text _builder_version=&#8221;4.24.2&#8243; _module_preset=&#8221;d237c2ce-ebeb-485b-8bca-2d5fca59206d&#8221; header_font=&#8221;|600||on|||||&#8221; background_layout=&#8221;dark&#8221; global_colors_info=&#8221;{}&#8221;]<\/p>\n<h1>Sport<\/h1>\n<p>[\/et_pb_text][\/et_pb_column][\/et_pb_row][\/et_pb_section][et_pb_section fb_built=&#8221;1&#8243; _builder_version=&#8221;4.24.2&#8243; _module_preset=&#8221;default&#8221; global_colors_info=&#8221;{}&#8221;][et_pb_row column_structure=&#8221;1_3,2_3&#8243; _builder_version=&#8221;4.25.1&#8243; _module_preset=&#8221;default&#8221; global_colors_info=&#8221;{}&#8221;][et_pb_column type=&#8221;1_3&#8243; _builder_version=&#8221;4.24.2&#8243; _module_preset=&#8221;default&#8221; custom_padding=&#8221;32px||||false|false&#8221; sticky_position=&#8221;top&#8221; sticky_limit_bottom=&#8221;row&#8221; sticky_position_tablet=&#8221;none&#8221; sticky_position_phone=&#8221;none&#8221; sticky_position_last_edited=&#8221;on|tablet&#8221; global_colors_info=&#8221;{}&#8221;][et_pb_blurb use_icon=&#8221;on&#8221; font_icon=&#8221;&#xf061;||fa||900&#8243; _builder_version=&#8221;4.24.2&#8243; _module_preset=&#8221;006c3402-05bc-4996-8153-654d721c321f&#8221; link_option_url=&#8221;#climbing&#8221; global_colors_info=&#8221;{}&#8221;]<\/p>\n<p>Arrampicata<\/p>\n<p>[\/et_pb_blurb][et_pb_blurb use_icon=&#8221;on&#8221; font_icon=&#8221;&#xf061;||fa||900&#8243; _builder_version=&#8221;4.24.2&#8243; _module_preset=&#8221;006c3402-05bc-4996-8153-654d721c321f&#8221; link_option_url=&#8221;#highline-slackline&#8221; global_colors_info=&#8221;{}&#8221;]<\/p>\n<p>Highline e Slackline<\/p>\n<p>[\/et_pb_blurb][et_pb_blurb use_icon=&#8221;on&#8221; font_icon=&#8221;&#xf061;||fa||900&#8243; _builder_version=&#8221;4.24.2&#8243; _module_preset=&#8221;006c3402-05bc-4996-8153-654d721c321f&#8221; link_option_url=&#8221;#trekking&#8221; global_colors_info=&#8221;{}&#8221;]<\/p>\n<p>Trekking<\/p>\n<p>[\/et_pb_blurb][et_pb_blurb use_icon=&#8221;on&#8221; font_icon=&#8221;&#xf061;||fa||900&#8243; _builder_version=&#8221;4.24.2&#8243; _module_preset=&#8221;006c3402-05bc-4996-8153-654d721c321f&#8221; link_option_url=&#8221;#yoga&#8221; global_colors_info=&#8221;{}&#8221;]<\/p>\n<p>Yoga<\/p>\n<p>[\/et_pb_blurb][et_pb_blurb use_icon=&#8221;on&#8221; font_icon=&#8221;&#xf061;||fa||900&#8243; _builder_version=&#8221;4.24.2&#8243; _module_preset=&#8221;006c3402-05bc-4996-8153-654d721c321f&#8221; link_option_url=&#8221;#parkour&#8221; global_colors_info=&#8221;{}&#8221;]<\/p>\n<p>Parkour<\/p>\n<p>[\/et_pb_blurb][et_pb_blurb use_icon=&#8221;on&#8221; font_icon=&#8221;&#xf061;||fa||900&#8243; _builder_version=&#8221;4.24.2&#8243; _module_preset=&#8221;006c3402-05bc-4996-8153-654d721c321f&#8221; custom_margin=&#8221;||32px||false|false&#8221; link_option_url=&#8221;#mtb&#8221; global_colors_info=&#8221;{}&#8221;]<\/p>\n<p>Mountain bike<\/p>\n<p>[\/et_pb_blurb][et_pb_button button_url=&#8221;@ET-DC@eyJkeW5hbWljIjp0cnVlLCJjb250ZW50IjoicG9zdF9saW5rX3VybF9wYWdlIiwic2V0dGluZ3MiOnsicG9zdF9pZCI6IjE3NiJ9fQ==@&#8221; button_text=&#8221;Preiscriviti&#8221; _builder_version=&#8221;4.27.4&#8243; _dynamic_attributes=&#8221;button_url&#8221; _module_preset=&#8221;default&#8221; global_colors_info=&#8221;{}&#8221;][\/et_pb_button][\/et_pb_column][et_pb_column type=&#8221;2_3&#8243; module_class=&#8221;inl-buttons&#8221; _builder_version=&#8221;4.25.1&#8243; _module_preset=&#8221;default&#8221; global_colors_info=&#8221;{}&#8221;][et_pb_text module_id=&#8221;climbing&#8221; _builder_version=&#8221;4.24.2&#8243; _module_preset=&#8221;2951e32e-ad56-409f-90ac-b23d3676ef99&#8243; global_colors_info=&#8221;{}&#8221;]<\/p>\n<h1>Arrampicata<\/h1>\n<p>[\/et_pb_text][et_pb_text _builder_version=&#8221;4.25.1&#8243; _module_preset=&#8221;default&#8221; global_colors_info=&#8221;{}&#8221;]Ulassai, un vero paradiso per tutti gli amanti dell&#8217;arrampicata. Le sue maestose pareti calcaree, scolpite con maestria dal tempo, ti regaleranno un&#8217;esperienza senza pari. Un mondo verticale in cui metterti alla prova, sia che tu ti stia avvicinando per la prima volta a questo sport, sia che tu sia alla ricerca del tuo prossimo progetto. Le linee e la qualit\u00e0 della roccia ti rapiranno il cuore e quando sar\u00e0 l\u2019ora di andar via non vedrai gi\u00e0 l\u2019ora di tornarci.<\/p>\n<p>Se hai piacere potrai partecipare alla nostra Climbing Endurance, una sfida autogestita d&#8217;arrampicata che ti pu\u00f2 dare l&#8217;opportunit\u00e0 di vincere alcuni premi messi a disposizione dai nostri partner. Scopri di pi\u00f9 scaricando la scheda e il regolamento. [\/et_pb_text][et_pb_button button_url=&#8221;https:\/\/climbingitaly.com\/area\/ulassai-jerzu\/&#8221; url_new_window=&#8221;on&#8221; button_text=&#8221;Falesie nei dintorni&#8221; _builder_version=&#8221;4.25.1&#8243; _module_preset=&#8221;1241f9af-c425-4588-8cee-3363532c435f&#8221; custom_margin=&#8221;|8px|||false|false&#8221; global_colors_info=&#8221;{}&#8221;][\/et_pb_button][et_pb_button button_url=&#8221;https:\/\/ulassaifestival.com\/wp-content\/uploads\/Regolamento_Climbing_Endurance.pdf&#8221; url_new_window=&#8221;on&#8221; button_text=&#8221;Climbing Endurance&#8221; _builder_version=&#8221;4.25.1&#8243; _module_preset=&#8221;1241f9af-c425-4588-8cee-3363532c435f&#8221; global_colors_info=&#8221;{}&#8221;][\/et_pb_button][et_pb_slider _builder_version=&#8221;4.24.2&#8243; _module_preset=&#8221;default&#8221; global_colors_info=&#8221;{}&#8221;][et_pb_slide _builder_version=&#8221;4.24.2&#8243; _module_preset=&#8221;default&#8221; background_image=&#8221;https:\/\/ulassaifestival.com\/wp-content\/uploads\/2024\/03\/sport_arrampicata_5.jpg&#8221; background_enable_image=&#8221;on&#8221; global_colors_info=&#8221;{}&#8221; sticky_transition=&#8221;on&#8221;][\/et_pb_slide][et_pb_slide _builder_version=&#8221;4.24.2&#8243; _module_preset=&#8221;default&#8221; background_image=&#8221;https:\/\/ulassaifestival.com\/wp-content\/uploads\/2024\/03\/sport_arrampicata_1.jpg&#8221; background_enable_image=&#8221;on&#8221; global_colors_info=&#8221;{}&#8221; sticky_transition=&#8221;on&#8221;][\/et_pb_slide][et_pb_slide _builder_version=&#8221;4.24.2&#8243; _module_preset=&#8221;default&#8221; background_image=&#8221;https:\/\/ulassaifestival.com\/wp-content\/uploads\/2024\/03\/sport_arrampicata_3.jpg&#8221; background_enable_image=&#8221;on&#8221; global_colors_info=&#8221;{}&#8221; sticky_transition=&#8221;on&#8221;][\/et_pb_slide][et_pb_slide _builder_version=&#8221;4.24.2&#8243; _module_preset=&#8221;default&#8221; background_image=&#8221;https:\/\/ulassaifestival.com\/wp-content\/uploads\/2024\/03\/sport_arrampicata_2.jpg&#8221; background_enable_image=&#8221;on&#8221; global_colors_info=&#8221;{}&#8221; sticky_transition=&#8221;on&#8221;][\/et_pb_slide][et_pb_slide _builder_version=&#8221;4.24.2&#8243; _module_preset=&#8221;default&#8221; background_image=&#8221;https:\/\/ulassaifestival.com\/wp-content\/uploads\/2024\/03\/sport_arrampicata_4.jpg&#8221; background_enable_image=&#8221;on&#8221; global_colors_info=&#8221;{}&#8221; sticky_transition=&#8221;on&#8221;][\/et_pb_slide][\/et_pb_slider][et_pb_divider _builder_version=&#8221;4.24.2&#8243; _module_preset=&#8221;default&#8221; global_colors_info=&#8221;{}&#8221;][\/et_pb_divider][et_pb_text module_id=&#8221;highline-slackline&#8221; _builder_version=&#8221;4.24.2&#8243; _module_preset=&#8221;2951e32e-ad56-409f-90ac-b23d3676ef99&#8243; global_colors_info=&#8221;{}&#8221;]<\/p>\n<h1>Highline e Slackline<\/h1>\n<p>[\/et_pb_text][et_pb_text _builder_version=&#8221;4.25.0&#8243; _module_preset=&#8221;default&#8221; global_colors_info=&#8221;{}&#8221;]<\/p>\n<p>Trovare l\u2019armonia e l\u2019equilibrio perfetto tra corpo e mente. Un&#8217;esperienza avvincente che ti spinger\u00e0 verso i tuoi limiti. Se sei alla ricerca di una nuova linea e vuoi metterti alla prova, un percorso di 500 metri di pura avventura, sospeso a 150 metri da terra, \u00e8 pronto a farti tornare a vivere il brivido della sfida. Se invece desideri avvicinarti per la prima volta a questa emozionante attivit\u00e0, potrai cimentarti su una delle altre vie che, pur offrendo un\u2019altezza e lunghezza inferiori, ti regaleranno un\u2019esperienza indimenticabile nella magica cornice delle maestosi pareti di Ulassai. Sar\u00e0 inoltre presente una linea in Piazza Barigau dove, coloro che vogliono sperimentare per la prima volta quest&#8217;attivit\u00e0, avranno la possibilit\u00e0 di farlo.<\/p>\n<p>[\/et_pb_text][et_pb_slider _builder_version=&#8221;4.24.2&#8243; _module_preset=&#8221;default&#8221; global_colors_info=&#8221;{}&#8221;][et_pb_slide _builder_version=&#8221;4.24.2&#8243; _module_preset=&#8221;default&#8221; background_image=&#8221;https:\/\/ulassaifestival.com\/wp-content\/uploads\/2024\/03\/sport_highline_2.jpg&#8221; background_enable_image=&#8221;on&#8221; global_colors_info=&#8221;{}&#8221; sticky_transition=&#8221;on&#8221;][\/et_pb_slide][et_pb_slide _builder_version=&#8221;4.24.2&#8243; _module_preset=&#8221;default&#8221; background_image=&#8221;https:\/\/ulassaifestival.com\/wp-content\/uploads\/2024\/03\/sport_highline_3.jpg&#8221; background_enable_image=&#8221;on&#8221; global_colors_info=&#8221;{}&#8221; sticky_transition=&#8221;on&#8221;][\/et_pb_slide][et_pb_slide _builder_version=&#8221;4.24.2&#8243; _module_preset=&#8221;default&#8221; background_image=&#8221;https:\/\/ulassaifestival.com\/wp-content\/uploads\/2024\/03\/sport_highline_4.jpg&#8221; background_enable_image=&#8221;on&#8221; global_colors_info=&#8221;{}&#8221; sticky_transition=&#8221;on&#8221;][\/et_pb_slide][\/et_pb_slider][et_pb_divider _builder_version=&#8221;4.24.2&#8243; _module_preset=&#8221;default&#8221; global_colors_info=&#8221;{}&#8221;][\/et_pb_divider][et_pb_text module_id=&#8221;trekking&#8221; _builder_version=&#8221;4.24.2&#8243; _module_preset=&#8221;2951e32e-ad56-409f-90ac-b23d3676ef99&#8243; global_colors_info=&#8221;{}&#8221;]<\/p>\n<h1>Trekking<\/h1>\n<p>[\/et_pb_text][et_pb_text _builder_version=&#8221;4.24.2&#8243; _module_preset=&#8221;default&#8221; global_colors_info=&#8221;{}&#8221;]Immergersi nel trekking a Ulassai significa avventurarsi tra paesaggi mozzafiato e infinite opportunit\u00e0 di scoperta. Tra le sue selvagge montagne e le lussureggianti valli, ogni passo rivela la magnificenza della natura sarda. I sentieri intrecciati tra le rocce calcaree e i verdi boschi dell\u2019Ogliastra  incantano gli occhi e nutrono lo spirito, offrendoti un&#8217;esperienza indimenticabile di connessione con la terra e il suo splendore.[\/et_pb_text][et_pb_text disabled_on=&#8221;on|on|on&#8221; _builder_version=&#8221;4.25.0&#8243; _module_preset=&#8221;default&#8221; header_3_font=&#8221;|||on|||||&#8221; custom_margin=&#8221;||12px||false|false&#8221; disabled=&#8221;on&#8221; global_colors_info=&#8221;{}&#8221;]<\/p>\n<h3>Tour guidati<\/h3>\n<p>[\/et_pb_text][et_pb_blurb use_icon=&#8221;on&#8221; font_icon=&#8221;&#xf54b;||fa||900&#8243; disabled_on=&#8221;on|on|on&#8221; _builder_version=&#8221;4.25.0&#8243; _module_preset=&#8221;93132390-6815-45b2-9eab-7f96e1c74420&#8243; image_icon_custom_padding=&#8221;10px|8px|10px|8px|true|true&#8221; disabled=&#8221;on&#8221; global_colors_info=&#8221;{}&#8221;]<\/p>\n<p>Data: <strong>Sabato 1 giugno &#8211; Ore 10:00<\/strong><br \/>Luogo: <strong>Tisiddu<\/strong><br \/>Sviluppo: <strong>10.4 km<\/strong><br \/>Dislivello: <strong>634 m<\/strong><br \/>Difficolt\u00e0: <strong>E<\/strong><\/p>\n<p>[\/et_pb_blurb][et_pb_blurb use_icon=&#8221;on&#8221; font_icon=&#8221;&#xf54b;||fa||900&#8243; disabled_on=&#8221;on|on|on&#8221; _builder_version=&#8221;4.25.0&#8243; _module_preset=&#8221;93132390-6815-45b2-9eab-7f96e1c74420&#8243; image_icon_custom_padding=&#8221;10px|8px|10px|8px|true|true&#8221; disabled=&#8221;on&#8221; global_colors_info=&#8221;{}&#8221;]<\/p>\n<p>Data: <strong>Domenica 2 giugno &#8211; Ore 10:00<\/strong><br \/>Luogo: <strong>Canyon &#8211; Punta Seccu<\/strong><br \/>Sviluppo: <strong>11.5 km<\/strong><br \/>Dislivello: <strong>539 m<\/strong><br \/>Difficolt\u00e0: <strong>E<\/strong><\/p>\n<p>[\/et_pb_blurb][et_pb_text _builder_version=&#8221;4.25.0&#8243; _module_preset=&#8221;default&#8221; global_colors_info=&#8221;{}&#8221;][\/et_pb_text][et_pb_slider _builder_version=&#8221;4.24.2&#8243; _module_preset=&#8221;default&#8221; global_colors_info=&#8221;{}&#8221;][et_pb_slide _builder_version=&#8221;4.24.2&#8243; _module_preset=&#8221;default&#8221; background_image=&#8221;https:\/\/ulassaifestival.com\/wp-content\/uploads\/2024\/03\/sport_trekking_1.jpg&#8221; background_enable_image=&#8221;on&#8221; global_colors_info=&#8221;{}&#8221; sticky_transition=&#8221;on&#8221;][\/et_pb_slide][et_pb_slide _builder_version=&#8221;4.24.2&#8243; _module_preset=&#8221;default&#8221; background_image=&#8221;https:\/\/ulassaifestival.com\/wp-content\/uploads\/2024\/03\/sport_trekking_4.jpg&#8221; background_enable_image=&#8221;on&#8221; global_colors_info=&#8221;{}&#8221; sticky_transition=&#8221;on&#8221;][\/et_pb_slide][et_pb_slide _builder_version=&#8221;4.24.2&#8243; _module_preset=&#8221;default&#8221; background_image=&#8221;https:\/\/ulassaifestival.com\/wp-content\/uploads\/2024\/03\/sport_trekking_3.jpg&#8221; background_enable_image=&#8221;on&#8221; global_colors_info=&#8221;{}&#8221; sticky_transition=&#8221;on&#8221;][\/et_pb_slide][et_pb_slide _builder_version=&#8221;4.24.2&#8243; _module_preset=&#8221;default&#8221; background_image=&#8221;https:\/\/ulassaifestival.com\/wp-content\/uploads\/2024\/03\/sport_trekking_2.jpg&#8221; background_enable_image=&#8221;on&#8221; global_colors_info=&#8221;{}&#8221; sticky_transition=&#8221;on&#8221;][\/et_pb_slide][\/et_pb_slider][et_pb_divider _builder_version=&#8221;4.24.2&#8243; _module_preset=&#8221;default&#8221; global_colors_info=&#8221;{}&#8221;][\/et_pb_divider][et_pb_text module_id=&#8221;yoga&#8221; _builder_version=&#8221;4.24.2&#8243; _module_preset=&#8221;2951e32e-ad56-409f-90ac-b23d3676ef99&#8243; global_colors_info=&#8221;{}&#8221;]<\/p>\n<h1>Yoga &amp; Pilates<\/h1>\n<p>[\/et_pb_text][et_pb_text _builder_version=&#8221;4.24.2&#8243; _module_preset=&#8221;default&#8221; global_colors_info=&#8221;{}&#8221;]Incorpora l&#8217;energia della natura e scopri l&#8217;armonia interiore attraverso lo yoga a Ulassai. In questo paradiso naturale, immergiti in pratiche che rigenereranno mente, corpo e spirito, circondato dalla bellezza selvaggia dei paesaggi circostanti. Lo yoga diventer\u00e0 il tuo rituale mattutino, preparandoti ad affrontare le avventure di trekking, arrampicata e mountain bike che ti aspettano.[\/et_pb_text][et_pb_slider _builder_version=&#8221;4.24.2&#8243; _module_preset=&#8221;default&#8221; global_colors_info=&#8221;{}&#8221;][et_pb_slide _builder_version=&#8221;4.24.2&#8243; _module_preset=&#8221;default&#8221; background_image=&#8221;https:\/\/ulassaifestival.com\/wp-content\/uploads\/2024\/03\/sport_yoga_1.jpg&#8221; background_enable_image=&#8221;on&#8221; global_colors_info=&#8221;{}&#8221; sticky_transition=&#8221;on&#8221;][\/et_pb_slide][et_pb_slide _builder_version=&#8221;4.24.2&#8243; _module_preset=&#8221;default&#8221; background_image=&#8221;https:\/\/ulassaifestival.com\/wp-content\/uploads\/2024\/03\/sport_yoga_2.jpg&#8221; background_enable_image=&#8221;on&#8221; global_colors_info=&#8221;{}&#8221; sticky_transition=&#8221;on&#8221;][\/et_pb_slide][et_pb_slide _builder_version=&#8221;4.24.2&#8243; _module_preset=&#8221;default&#8221; background_image=&#8221;https:\/\/ulassaifestival.com\/wp-content\/uploads\/2024\/03\/sport_yoga_3.jpg&#8221; background_enable_image=&#8221;on&#8221; global_colors_info=&#8221;{}&#8221; sticky_transition=&#8221;on&#8221;][\/et_pb_slide][\/et_pb_slider][et_pb_divider _builder_version=&#8221;4.24.2&#8243; _module_preset=&#8221;default&#8221; global_colors_info=&#8221;{}&#8221;][\/et_pb_divider][et_pb_text module_id=&#8221;parkour&#8221; _builder_version=&#8221;4.24.2&#8243; _module_preset=&#8221;2951e32e-ad56-409f-90ac-b23d3676ef99&#8243; global_colors_info=&#8221;{}&#8221;]<\/p>\n<h1>Parkour<\/h1>\n<p>[\/et_pb_text][et_pb_text _builder_version=&#8221;4.25.0&#8243; _module_preset=&#8221;default&#8221; global_colors_info=&#8221;{}&#8221;]Scopri l&#8217;area dedicata al parkour, dove imparerete tecniche di scavalcamento ostacoli, equilibrio, appensione, salti di precisione, oscillazioni, rotolamenti e condizionamento. Ma non solo, se sei un esperto ci sar\u00e0 inoltre un&#8217;area libera dove ognuno, sempre sotto la supervisione di personale qualificato, potr\u00e0 praticare l&#8217;attivit\u00e0 in autonomia.[\/et_pb_text][et_pb_divider _builder_version=&#8221;4.24.2&#8243; _module_preset=&#8221;default&#8221; global_colors_info=&#8221;{}&#8221;][\/et_pb_divider][et_pb_text module_id=&#8221;mtb&#8221; _builder_version=&#8221;4.24.2&#8243; _module_preset=&#8221;2951e32e-ad56-409f-90ac-b23d3676ef99&#8243; global_colors_info=&#8221;{}&#8221;]<\/p>\n<h1>Mountain bike<\/h1>\n<p>[\/et_pb_text][et_pb_text _builder_version=&#8221;4.24.2&#8243; _module_preset=&#8221;default&#8221; global_colors_info=&#8221;{}&#8221;]Immergiti nell&#8217;entusiasmante mondo della mountain bike a Ulassai, dove sentieri tortuosi ti porteranno in un viaggio attraverso scenari mozzafiato. Ogni pedalata diventer\u00e0 un&#8217;esperienza unica, avvolta dalla vastit\u00e0 e dalla purezza della natura sarda. Abbandona ogni preoccupazione e lasciati cullare dalla magia dei paesaggi di una terra tutta da scoprire.[\/et_pb_text][et_pb_text disabled_on=&#8221;on|on|on&#8221; _builder_version=&#8221;4.25.0&#8243; _module_preset=&#8221;default&#8221; header_3_font=&#8221;|||on|||||&#8221; custom_margin=&#8221;||12px||false|false&#8221; disabled=&#8221;on&#8221; global_colors_info=&#8221;{}&#8221;]<\/p>\n<h3>Tour ciclo-escursionistici<\/h3>\n<p>[\/et_pb_text][et_pb_blurb use_icon=&#8221;on&#8221; font_icon=&#8221;&#xf84a;||fa||900&#8243; disabled_on=&#8221;on|on|on&#8221; _builder_version=&#8221;4.25.0&#8243; _module_preset=&#8221;93132390-6815-45b2-9eab-7f96e1c74420&#8243; image_icon_custom_padding=&#8221;10px|8px|10px|8px|true|true&#8221; disabled=&#8221;on&#8221; global_colors_info=&#8221;{}&#8221;]<\/p>\n<p>Data: <strong>Sabato 1 giugno &#8211; Ore 16:00<\/strong><br \/>Luogo: <strong>Tour dei Nuraghi<\/strong><br \/>Sviluppo: <strong>25.1 km<\/strong><br \/>Dislivello: <strong>739 m<\/strong><br \/>Difficolt\u00e0: <strong>MC<\/strong><\/p>\n<p>[\/et_pb_blurb][et_pb_blurb use_icon=&#8221;on&#8221; font_icon=&#8221;&#xf84a;||fa||900&#8243; disabled_on=&#8221;on|on|on&#8221; _builder_version=&#8221;4.25.0&#8243; _module_preset=&#8221;93132390-6815-45b2-9eab-7f96e1c74420&#8243; image_icon_custom_padding=&#8221;10px|8px|10px|8px|true|true&#8221; disabled=&#8221;on&#8221; global_colors_info=&#8221;{}&#8221;]<\/p>\n<p>Data: <strong>Domenica 2 giugno &#8211; Ore 9:30<\/strong><br \/>Luogo: <strong>Altopiano di Taccu<\/strong><br \/>Sviluppo: <strong>30.2 km<\/strong><br \/>Dislivello: <strong>643 m<\/strong><br \/>Difficolt\u00e0: <strong>MC<\/strong><\/p>\n<p>[\/et_pb_blurb][et_pb_divider _builder_version=&#8221;4.25.1&#8243; _module_preset=&#8221;default&#8221; global_colors_info=&#8221;{}&#8221;][\/et_pb_divider][et_pb_text _builder_version=&#8221;4.25.1&#8243; _module_preset=&#8221;default&#8221; header_3_font=&#8221;|||on|||||&#8221; custom_margin=&#8221;||12px||false|false&#8221; global_colors_info=&#8221;{}&#8221;]<\/p>\n<h3>Percorso Enduro<\/h3>\n<p>[\/et_pb_text][et_pb_text _builder_version=&#8221;4.25.1&#8243; _module_preset=&#8221;default&#8221; global_colors_info=&#8221;{}&#8221;]<\/p>\n<p>L&#8217;Enduro \u00e8 una disciplina che unisce il piacere della salita in tranquillit\u00e0 alla discesa per puro divertimento. Il percorso studiato in occasione di questa edizione del Festival nasce proprio per con lo scopo di far vivere emozioni e regalare adrenalina a tutti i partecipanti nel segno del puro divertimento, dello sport in natura e dell\u2019attivit\u00e0 in plein-air godendo dei paesaggi unici offerti dal territorio.<\/p>\n<p>Si \u00e8 quindi deciso di creare un evento non competitivo che possa abbracciare una vasta platea di rider e consentire, anche a chi non pratica la disciplina a livello agonistico, di farlo in sicurezza e, soprattutto, divertendosi. Vedi &#8220;Regolamento Enduro&#8221;.\u00a0<\/p>\n<p>Il percorso sar\u00e0 suddiviso in 3 segmenti con prove speciali (PS) e altrettanti trasferimenti. Due avranno partenza e arrivo in Piazza Barigau, mentre la terza prova partir\u00e0 sempre dalla piazza per concludersi al campo sportivo. Clicca su &#8220;Scopri il percorso&#8221; per maggiori informazioni.\u00a0\u00a0<\/p>\n<p>[\/et_pb_text][et_pb_blurb use_icon=&#8221;on&#8221; font_icon=&#8221;&#xf84a;||fa||900&#8243; disabled_on=&#8221;on|on|on&#8221; _builder_version=&#8221;4.25.1&#8243; _module_preset=&#8221;93132390-6815-45b2-9eab-7f96e1c74420&#8243; image_icon_custom_padding=&#8221;10px|8px|10px|8px|true|true&#8221; custom_margin=&#8221;||32px||false|false&#8221; disabled=&#8221;on&#8221; global_colors_info=&#8221;{}&#8221;]<\/p>\n<p>Data: <strong>Sabato 1 giugno &#8211; Ore 9:30<\/strong><br \/>Sviluppo: <strong>25 km<\/strong><br \/>Dislivello: <strong>900 m<\/strong><\/p>\n<p>[\/et_pb_blurb][et_pb_button button_url=&#8221;https:\/\/ulassaifestival.com\/wp-content\/uploads\/Mappa_Enduro.pdf&#8221; url_new_window=&#8221;on&#8221; button_text=&#8221;Scopri percorso&#8221; disabled_on=&#8221;on|on|on&#8221; _builder_version=&#8221;4.25.1&#8243; _module_preset=&#8221;1241f9af-c425-4588-8cee-3363532c435f&#8221; custom_margin=&#8221;|8px|||false|false&#8221; disabled=&#8221;on&#8221; global_colors_info=&#8221;{}&#8221;][\/et_pb_button][et_pb_button button_url=&#8221;https:\/\/ulassaifestival.com\/wp-content\/uploads\/Regolamento_Enduro.pdf&#8221; url_new_window=&#8221;on&#8221; button_text=&#8221;Regolamento Enduro&#8221; disabled_on=&#8221;on|on|on&#8221; _builder_version=&#8221;4.25.1&#8243; _module_preset=&#8221;1241f9af-c425-4588-8cee-3363532c435f&#8221; disabled=&#8221;on&#8221; global_colors_info=&#8221;{}&#8221;][\/et_pb_button][et_pb_slider _builder_version=&#8221;4.24.2&#8243; _module_preset=&#8221;default&#8221; global_colors_info=&#8221;{}&#8221;][et_pb_slide _builder_version=&#8221;4.24.2&#8243; _module_preset=&#8221;default&#8221; background_image=&#8221;https:\/\/ulassaifestival.com\/wp-content\/uploads\/2024\/03\/sport_mtb_1.jpg&#8221; background_enable_image=&#8221;on&#8221; global_colors_info=&#8221;{}&#8221; sticky_transition=&#8221;on&#8221;][\/et_pb_slide][et_pb_slide _builder_version=&#8221;4.24.2&#8243; _module_preset=&#8221;default&#8221; background_image=&#8221;https:\/\/ulassaifestival.com\/wp-content\/uploads\/2024\/03\/sport_mtb_2.jpg&#8221; background_enable_image=&#8221;on&#8221; global_colors_info=&#8221;{}&#8221; sticky_transition=&#8221;on&#8221;][\/et_pb_slide][\/et_pb_slider][\/et_pb_column][\/et_pb_row][\/et_pb_section]<\/p>\n","protected":false},"excerpt":{"rendered":"<p>SportArrampicataHighline e SlacklineTrekkingYogaParkourMountain bikeArrampicataUlassai, un vero paradiso per tutti gli amanti dell&#8217;arrampicata. Le sue maestose pareti calcaree, scolpite con maestria dal tempo, ti regaleranno un&#8217;esperienza senza pari. Un mondo verticale in cui metterti alla prova, sia che tu ti stia avvicinando per la prima volta a questo sport, sia che tu sia alla ricerca del [&hellip;]<\/p>\n","protected":false},"author":3,"featured_media":0,"parent":0,"menu_order":0,"comment_status":"closed","ping_status":"closed","template":"","meta":{"_et_pb_use_builder":"on","_et_pb_old_content":"<!-- wp:divi\/placeholder \/-->","_et_gb_content_width":"","footnotes":""},"class_list":["post-170","page","type-page","status-publish","hentry"],"_links":{"self":[{"href":"http:\/\/ulassaifestival.com\/en\/wp-json\/wp\/v2\/pages\/170","targetHints":{"allow":["GET"]}}],"collection":[{"href":"http:\/\/ulassaifestival.com\/en\/wp-json\/wp\/v2\/pages"}],"about":[{"href":"http:\/\/ulassaifestival.com\/en\/wp-json\/wp\/v2\/types\/page"}],"author":[{"embeddable":true,"href":"http:\/\/ulassaifestival.com\/en\/wp-json\/wp\/v2\/users\/3"}],"replies":[{"embeddable":true,"href":"http:\/\/ulassaifestival.com\/en\/wp-json\/wp\/v2\/comments?post=170"}],"version-history":[{"count":3,"href":"http:\/\/ulassaifestival.com\/en\/wp-json\/wp\/v2\/pages\/170\/revisions"}],"predecessor-version":[{"id":2014,"href":"http:\/\/ulassaifestival.com\/en\/wp-json\/wp\/v2\/pages\/170\/revisions\/2014"}],"wp:attachment":[{"href":"http:\/\/ulassaifestival.com\/en\/wp-json\/wp\/v2\/media?parent=170"}],"curies":[{"name":"wp","href":"https:\/\/api.w.org\/{rel}","templated":true}]}}